{"id":6099,"date":"2023-12-12T21:39:44","date_gmt":"2023-12-12T21:39:44","guid":{"rendered":"https:\/\/gkvitkovice.cz\/?page_id=6099"},"modified":"2025-12-03T07:22:07","modified_gmt":"2025-12-03T07:22:07","slug":"informace-pro-rodice","status":"publish","type":"page","link":"https:\/\/gkvitkovice.cz\/?page_id=6099","title":{"rendered":"Informace pro rodi\u010de"},"content":{"rendered":"\n<p><strong>1. EOS &#8211; klubov\u00e1 platforma&nbsp;<\/strong><\/p>\n\n\n\n<p>Od prosince je spu\u0161t\u011bna nov\u00e1 klubov\u00e1 platforma pro komunikaci s klubem a tren\u00e9ry. Zku\u0161ebn\u00ed verze je prozat\u00edm ur\u010dena<\/p>\n\n\n\n<p>pro z\u00e1vodn\u00ed t\u00fdmy, p\u0159\u00edpravku a gymnastickou \u0161koli\u010dku (net\u00fdk\u00e1 se rekrea\u010dn\u00ed gymnastiky).<\/p>\n\n\n\n<p>Postup pro p\u0159ihl\u00e1\u0161en\u00ed naleznete na:<\/p>\n\n\n\n<p><a href=\"\/\/www.eos.cz\/podpora\/prvni-prihlaseni-do-platformy\" target=\"_blank\" rel=\"noreferrer noopener\">htpps:\/\/www.eos.cz\/\u2026rmy<\/a><\/p>\n\n\n\n<p>Informace k pr\u00e1ci s platformou naleznete na:<\/p>\n\n\n\n<p><a href=\"\/\/www.eos.cz\/podpora\" target=\"_blank\" rel=\"noreferrer noopener\">htpps:\/\/www.eos.cz\/\u2026ora<\/a><\/p>\n\n\n\n<p><a href=\"\/\/www.eos.cz\/podpora\/klubova-platforma-jak-na-to\" target=\"_blank\" rel=\"noreferrer noopener\">htpps:\/\/www.eos.cz\/\u2026-to<\/a><\/p>\n\n\n\n<p>Kontaktn\u00ed osoby: Sv\u011btlana Grmelov\u00e1, tel.: 722 567 699<\/p>\n\n\n\n<p>Peter Such\u00fd, tel.: 702 202 730<\/p>\n\n\n\n<p><\/p>\n\n\n<p>&nbsp;<\/p>\n\n\n<p><strong>2. Informace k p\u0159estupu do jin\u00e9ho klubu<\/strong><\/p>\n\n\n\n<p>Bli\u017e\u0161\u00ed informace naleznete na:<\/p>\n\n\n\n<p><a rel=\"noreferrer noopener\" href=\"\/\/www.gymfed.cz\/16-stanovy-a-rady.html\" target=\"_blank\">htpps:\/\/www.gymfed.cz\/\u2026tml<\/a><\/p>\n\n\n\n<p><\/p>\n\n\n<p>&nbsp;<\/p>\n\n\n<p><strong>3. Povinn\u00e9 l\u00e9ka\u0159sk\u00e9 prohl\u00eddky<\/strong><\/p>\n\n\n\n<p>Od roku 2025 plat\u00ed nov\u00e1 sm\u011brnice \u010cGF k l\u00e9ka\u0159sk\u00fdm prohl\u00eddk\u00e1m d\u011bt\u00ed, kter\u00e9 se v\u011bnuj\u00ed gymnastick\u00fdm sport\u016fm.<\/p>\n\n\n\n<div class=\"wp-block-file\"><a href=\"http:\/\/gkvitkovice.cz\/wp-content\/uploads\/2025\/12\/Smernice_CGF_Lekarske_prohlidky_2.2025_V3.pdf\">Smernice_CGF_Lekarske_prohlidky_2.2025_V3<\/a><a href=\"http:\/\/gkvitkovice.cz\/wp-content\/uploads\/2025\/12\/Smernice_CGF_Lekarske_prohlidky_2.2025_V3.pdf\" class=\"wp-block-file__button\" download>St\u00e1hnout<\/a><\/div>\n\n\n\n<div class=\"wp-block-file\"><a href=\"http:\/\/gkvitkovice.cz\/wp-content\/uploads\/2025\/12\/Formular_CGF_lekarska_prohlidka.pdf\">Formular_CGF_lekarska_prohlidka<\/a><a href=\"http:\/\/gkvitkovice.cz\/wp-content\/uploads\/2025\/12\/Formular_CGF_lekarska_prohlidka.pdf\" class=\"wp-block-file__button\" download>St\u00e1hnout<\/a><\/div>\n\n\n\n<p>Video n\u00e1vod na vlo\u017een\u00ed formul\u00e1\u0159e do GISu <a rel=\"noreferrer noopener\" href=\"https:\/\/www.youtube.com\/watch?v=lu3sIhmpsHI&amp;feature=youtu.be\" target=\"_blank\">ZDE<\/a><\/p>\n\n\n\n<p><strong>Upozorn\u011bn\u00ed pro rodi\u010de<\/strong>: Tren\u00e9r vyzve rodi\u010de k zaji\u0161t\u011bn\u00ed vyd\u00e1n\u00ed l\u00e9ka\u0159sk\u00e9ho posudku do ur\u010dit\u00e9ho term\u00ednu odpov\u00eddaj\u00edc\u00edmu platn\u00e9 sm\u011brnici \u010cesk\u00e9 gymnastick\u00e9 federace.<\/p>\n","protected":false},"excerpt":{"rendered":"<p>1. EOS &#8211; klubov\u00e1 platforma&nbsp; Od prosince je spu\u0161t\u011bna nov\u00e1 klubov\u00e1 platforma pro komunikaci s klubem a tren\u00e9ry. Zku\u0161ebn\u00ed verze<\/p>\n","protected":false},"author":1,"featured_media":0,"parent":0,"menu_order":0,"comment_status":"closed","ping_status":"closed","template":"","meta":[],"_links":{"self":[{"href":"https:\/\/gkvitkovice.cz\/index.php?rest_route=\/wp\/v2\/pages\/6099"}],"collection":[{"href":"https:\/\/gkvitkovice.cz\/index.php?rest_route=\/wp\/v2\/pages"}],"about":[{"href":"https:\/\/gkvitkovice.cz\/index.php?rest_route=\/wp\/v2\/types\/page"}],"author":[{"embeddable":true,"href":"https:\/\/gkvitkovice.cz\/index.php?rest_route=\/wp\/v2\/users\/1"}],"replies":[{"embeddable":true,"href":"https:\/\/gkvitkovice.cz\/index.php?rest_route=%2Fwp%2Fv2%2Fcomments&post=6099"}],"version-history":[{"count":6,"href":"https:\/\/gkvitkovice.cz\/index.php?rest_route=\/wp\/v2\/pages\/6099\/revisions"}],"predecessor-version":[{"id":7242,"href":"https:\/\/gkvitkovice.cz\/index.php?rest_route=\/wp\/v2\/pages\/6099\/revisions\/7242"}],"wp:attachment":[{"href":"https:\/\/gkvitkovice.cz\/index.php?rest_route=%2Fwp%2Fv2%2Fmedia&parent=6099"}],"curies":[{"name":"wp","href":"https:\/\/api.w.org\/{rel}","templated":true}]}}