{"id":7051,"date":"2025-06-23T08:36:29","date_gmt":"2025-06-23T08:36:29","guid":{"rendered":"https:\/\/gkvitkovice.cz\/?page_id=7051"},"modified":"2026-02-16T08:35:00","modified_gmt":"2026-02-16T08:35:00","slug":"hutnikova-ela","status":"publish","type":"page","link":"https:\/\/gkvitkovice.cz\/?page_id=7051","title":{"rendered":"HUTN\u00cdKOV\u00c1 Ela"},"content":{"rendered":"\n<div class=\"wp-block-image\"><figure class=\"aligncenter size-large is-resized\"><a href=\"https:\/\/gkvitkovice.cz\/wp-content\/uploads\/2026\/02\/Hutnikova_uvodni.jpg\"><img loading=\"lazy\" src=\"https:\/\/gkvitkovice.cz\/wp-content\/uploads\/2026\/02\/Hutnikova_uvodni-1024x683.jpg\" alt=\"\" class=\"wp-image-7372\" width=\"512\" height=\"342\" srcset=\"https:\/\/gkvitkovice.cz\/wp-content\/uploads\/2026\/02\/Hutnikova_uvodni-1024x683.jpg 1024w, https:\/\/gkvitkovice.cz\/wp-content\/uploads\/2026\/02\/Hutnikova_uvodni-300x200.jpg 300w, https:\/\/gkvitkovice.cz\/wp-content\/uploads\/2026\/02\/Hutnikova_uvodni-768x512.jpg 768w, https:\/\/gkvitkovice.cz\/wp-content\/uploads\/2026\/02\/Hutnikova_uvodni-1536x1024.jpg 1536w, https:\/\/gkvitkovice.cz\/wp-content\/uploads\/2026\/02\/Hutnikova_uvodni-2048x1365.jpg 2048w\" sizes=\"(max-width: 512px) 100vw, 512px\" \/><\/a><\/figure><\/div>\n\n\n<table border=\"0\" frame=\"border\" cellspacing=\"2\" cellpadding=\"2\" align=\"left\">\n<tbody>\n<tr>\n<td><strong>Rok narozen\u00ed:<\/strong><\/td>\n<td>2012<\/td>\n<\/tr>\n<tr>\n<td><strong>M\u00edsto narozen\u00ed:<\/strong><\/td>\n<td>Fr\u00fddek-M\u00edstek<\/td>\n<\/tr>\n<tr>\n<td><strong>Tren\u00e9r\/ka:<\/strong><\/td>\n<td>Hynek<\/td>\n<\/tr>\n<tr>\n<td valign=\"top\"><strong>V\u00fdkonnost dle \u010cGF:<\/strong><\/td>\n<td>TG &#8211; junior<\/td>\n<\/tr>\n<tr>\n<td><strong>\u010clenem odd\u00edlu od:<\/strong><\/td>\n<td>2024<\/td>\n<\/tr>\n<tr>\n<td><strong>Obl\u00edben\u00e9 n\u00e1\u0159ad\u00ed:<\/strong><\/td>\n<td>tumbletrack<\/td>\n<\/tr>\n<tr>\n<td><strong>Pozn\u00e1mka:<\/strong><\/td>\n<td>\n<p class=\"-wm-MsoNormal\">V roce 2024 p\u0159i\u0161la z odd\u00edlu FM Stars. Je sou\u010d\u00e1st\u00ed juniorsk\u00e9ho t\u00fdmu, stala se mistryn\u00ed \u010cR pro rok 2025 a ve stejn\u00e9m roce se \u00fa\u010dastnila MID-European teamgym Championships, kde vybojovala kr\u00e1sn\u00e9 5. m\u00edsto. V\u00edt\u011bzka \u010cesk\u00e9ho poh\u00e1ru pro rok 2025. Nyn\u00ed je za\u0159azena do reprezenta\u010dn\u00edho v\u00fdb\u011bru junior mix \u2013 p\u0159\u00edpravuje se na ME 2026 ve Finsku.\u00a0<\/p>\n<\/td>\n<\/tr>\n<\/tbody>\n<\/table>\n<table border=\"1\" frame=\"border\" align=\"left\">\n<tbody>\n<tr>\n<td><strong>Nejlep\u0161\u00ed v\u00fdsledky:<\/strong><\/td>\n<td>\u00a0<\/td>\n<td>\u00a0<\/td>\n<\/tr>\n<tr>\n<td><em>rok<\/em><\/td>\n<td><em>N\u00e1zev z\u00e1vodu \/ M\u011bsto (st\u00e1t)<\/em><\/td>\n<td><em>um\u00edst\u011bn\u00ed<\/em><\/td>\n<\/tr>\n<tr>\n<td>2025<\/td>\n<td>TG Celorepublikov\u00e9 fin\u00e1le \/ Trutnov<\/td>\n<td style=\"text-align: center;\">2.<\/td>\n<\/tr>\n<tr>\n<td>2025<\/td>\n<td>Mid-European TeamGym Championship \/ It\u00e1lie<\/td>\n<td style=\"text-align: center;\">5.<\/td>\n<\/tr>\n<tr>\n<td>2025<\/td>\n<td>Soubor p\u011bti z\u00e1vod\u016f \u010cesk\u00e9ho poh\u00e1ru pro rok 2025<\/td>\n<td style=\"text-align: center;\">1.<\/td>\n<\/tr>\n<tr>\n<td>2025<\/td>\n<td>TG Poh\u00e1r m\u011bsta P\u0159\u00edbrami &#8211; junior A<\/td>\n<td style=\"text-align: center;\">1.<\/td>\n<\/tr>\n<tr>\n<td>2025<\/td>\n<td>TG Poh\u00e1r m\u011bsta Brna<\/td>\n<td style=\"text-align: center;\">1.<\/td>\n<\/tr>\n<tr>\n<td>2025<\/td>\n<td>Mezin\u00e1rodn\u00ed z\u00e1vody jun. A v Dornbirnu \/ Rakousko<\/td>\n<td style=\"text-align: center;\">1.<\/td>\n<\/tr>\n<tr>\n<td>2025<\/td>\n<td>TG M\u010cR junior A \/ Ostrava<\/td>\n<td style=\"text-align: center;\">1.<\/td>\n<\/tr>\n<tr>\n<td>2025<\/td>\n<td>TG Poh\u00e1r m\u011bsta Ostravy!!!<\/td>\n<td style=\"text-align: center;\">1.<\/td>\n<\/tr>\n<tr>\n<td>2025<\/td>\n<td>Celorepublikov\u00e9 fin\u00e1le junior A v TG \/ Trutnov<\/td>\n<td style=\"text-align: center;\">1.<\/td>\n<\/tr>\n<tr>\n<td>2024<\/td>\n<td>Soubor p\u011bti z\u00e1vod\u016f \u010cesk\u00e9ho poh\u00e1ru pro rok 2024<\/td>\n<td style=\"text-align: center;\">1.<\/td>\n<\/tr>\n<tr>\n<td>2024<\/td>\n<td>TG Poh\u00e1r m\u011bsta P\u0159\u00edbrami<\/td>\n<td style=\"text-align: center;\">1.<\/td>\n<\/tr>\n<\/tbody>\n<\/table>\n<div class=\"thumbs\">\u00a0<\/div>\n<div class=\"thumbs\">\u00a0<\/div>\n<div class=\"thumbs\">\u00a0<\/div>\n<div class=\"thumbs\">\u00a0<\/div>\n<div class=\"thumbs\">\n<div id='gallery-1' class='gallery galleryid-7051 gallery-columns-3 gallery-size-colormag-featured-image'><figure class='gallery-item'>\n\t\t\t<div class='gallery-icon portrait'>\n\t\t\t\t<a href='https:\/\/gkvitkovice.cz\/wp-content\/uploads\/2025\/06\/Hutnikova_01.jpg'><img width=\"800\" height=\"445\" src=\"https:\/\/gkvitkovice.cz\/wp-content\/uploads\/2025\/06\/Hutnikova_01-800x445.jpg\" class=\"attachment-colormag-featured-image size-colormag-featured-image\" alt=\"\" loading=\"lazy\" \/><\/a>\n\t\t\t<\/div><\/figure><figure class='gallery-item'>\n\t\t\t<div class='gallery-icon landscape'>\n\t\t\t\t<a href='https:\/\/gkvitkovice.cz\/wp-content\/uploads\/2025\/06\/006-scaled.jpg'><img width=\"800\" height=\"445\" src=\"https:\/\/gkvitkovice.cz\/wp-content\/uploads\/2025\/06\/006-800x445.jpg\" class=\"attachment-colormag-featured-image size-colormag-featured-image\" alt=\"\" loading=\"lazy\" \/><\/a>\n\t\t\t<\/div><\/figure><figure class='gallery-item'>\n\t\t\t<div class='gallery-icon landscape'>\n\t\t\t\t<a href='https:\/\/gkvitkovice.cz\/wp-content\/uploads\/2025\/06\/002-scaled.jpg'><img width=\"800\" height=\"445\" src=\"https:\/\/gkvitkovice.cz\/wp-content\/uploads\/2025\/06\/002-800x445.jpg\" class=\"attachment-colormag-featured-image size-colormag-featured-image\" alt=\"\" loading=\"lazy\" \/><\/a>\n\t\t\t<\/div><\/figure><figure class='gallery-item'>\n\t\t\t<div class='gallery-icon landscape'>\n\t\t\t\t<a href='https:\/\/gkvitkovice.cz\/wp-content\/uploads\/2025\/06\/001-scaled.jpg'><img width=\"800\" height=\"445\" src=\"https:\/\/gkvitkovice.cz\/wp-content\/uploads\/2025\/06\/001-800x445.jpg\" class=\"attachment-colormag-featured-image size-colormag-featured-image\" alt=\"\" loading=\"lazy\" \/><\/a>\n\t\t\t<\/div><\/figure><figure class='gallery-item'>\n\t\t\t<div class='gallery-icon landscape'>\n\t\t\t\t<a href='https:\/\/gkvitkovice.cz\/wp-content\/uploads\/2025\/06\/003-scaled.jpg'><img width=\"800\" height=\"445\" src=\"https:\/\/gkvitkovice.cz\/wp-content\/uploads\/2025\/06\/003-800x445.jpg\" class=\"attachment-colormag-featured-image size-colormag-featured-image\" alt=\"\" loading=\"lazy\" \/><\/a>\n\t\t\t<\/div><\/figure><figure class='gallery-item'>\n\t\t\t<div class='gallery-icon landscape'>\n\t\t\t\t<a href='https:\/\/gkvitkovice.cz\/wp-content\/uploads\/2025\/06\/004-scaled.jpg'><img width=\"800\" height=\"445\" src=\"https:\/\/gkvitkovice.cz\/wp-content\/uploads\/2025\/06\/004-800x445.jpg\" class=\"attachment-colormag-featured-image size-colormag-featured-image\" alt=\"\" loading=\"lazy\" \/><\/a>\n\t\t\t<\/div><\/figure><figure class='gallery-item'>\n\t\t\t<div class='gallery-icon landscape'>\n\t\t\t\t<a href='https:\/\/gkvitkovice.cz\/wp-content\/uploads\/2025\/06\/005-scaled.jpg'><img width=\"800\" height=\"445\" src=\"https:\/\/gkvitkovice.cz\/wp-content\/uploads\/2025\/06\/005-800x445.jpg\" class=\"attachment-colormag-featured-image size-colormag-featured-image\" alt=\"\" loading=\"lazy\" \/><\/a>\n\t\t\t<\/div><\/figure><figure class='gallery-item'>\n\t\t\t<div class='gallery-icon landscape'>\n\t\t\t\t<a href='https:\/\/gkvitkovice.cz\/wp-content\/uploads\/2025\/06\/007.jpg'><img width=\"800\" height=\"445\" src=\"https:\/\/gkvitkovice.cz\/wp-content\/uploads\/2025\/06\/007-800x445.jpg\" class=\"attachment-colormag-featured-image size-colormag-featured-image\" alt=\"\" loading=\"lazy\" \/><\/a>\n\t\t\t<\/div><\/figure><figure class='gallery-item'>\n\t\t\t<div class='gallery-icon landscape'>\n\t\t\t\t<a href='https:\/\/gkvitkovice.cz\/wp-content\/uploads\/2025\/06\/Uvod_Hutnikova-scaled.jpg'><img width=\"800\" height=\"445\" src=\"https:\/\/gkvitkovice.cz\/wp-content\/uploads\/2025\/06\/Uvod_Hutnikova-800x445.jpg\" class=\"attachment-colormag-featured-image size-colormag-featured-image\" alt=\"\" loading=\"lazy\" \/><\/a>\n\t\t\t<\/div><\/figure><figure class='gallery-item'>\n\t\t\t<div class='gallery-icon landscape'>\n\t\t\t\t<a href='https:\/\/gkvitkovice.cz\/wp-content\/uploads\/2026\/02\/Hutnikova_1.jpg'><img width=\"800\" height=\"445\" src=\"https:\/\/gkvitkovice.cz\/wp-content\/uploads\/2026\/02\/Hutnikova_1-800x445.jpg\" class=\"attachment-colormag-featured-image size-colormag-featured-image\" alt=\"\" loading=\"lazy\" \/><\/a>\n\t\t\t<\/div><\/figure><figure class='gallery-item'>\n\t\t\t<div class='gallery-icon landscape'>\n\t\t\t\t<a href='https:\/\/gkvitkovice.cz\/wp-content\/uploads\/2026\/02\/Hutnikova_2-scaled.jpg'><img width=\"800\" height=\"445\" src=\"https:\/\/gkvitkovice.cz\/wp-content\/uploads\/2026\/02\/Hutnikova_2-800x445.jpg\" class=\"attachment-colormag-featured-image size-colormag-featured-image\" alt=\"\" loading=\"lazy\" \/><\/a>\n\t\t\t<\/div><\/figure><figure class='gallery-item'>\n\t\t\t<div class='gallery-icon landscape'>\n\t\t\t\t<a href='https:\/\/gkvitkovice.cz\/wp-content\/uploads\/2026\/02\/Hutnikova_3-scaled.jpg'><img width=\"800\" height=\"445\" src=\"https:\/\/gkvitkovice.cz\/wp-content\/uploads\/2026\/02\/Hutnikova_3-800x445.jpg\" class=\"attachment-colormag-featured-image size-colormag-featured-image\" alt=\"\" loading=\"lazy\" \/><\/a>\n\t\t\t<\/div><\/figure>\n\t\t<\/div>\n\n<\/div>\n<div class=\"thumbs\">\u00a0<\/div>\n<div class=\"thumbs\">\u00a0<\/div>","protected":false},"excerpt":{"rendered":"<p>Rok narozen\u00ed: 2012 M\u00edsto narozen\u00ed: Fr\u00fddek-M\u00edstek Tren\u00e9r\/ka: Hynek V\u00fdkonnost dle \u010cGF: TG &#8211; junior \u010clenem odd\u00edlu od: 2024 Obl\u00edben\u00e9 n\u00e1\u0159ad\u00ed:<\/p>\n","protected":false},"author":1,"featured_media":0,"parent":0,"menu_order":0,"comment_status":"closed","ping_status":"closed","template":"","meta":[],"_links":{"self":[{"href":"https:\/\/gkvitkovice.cz\/index.php?rest_route=\/wp\/v2\/pages\/7051"}],"collection":[{"href":"https:\/\/gkvitkovice.cz\/index.php?rest_route=\/wp\/v2\/pages"}],"about":[{"href":"https:\/\/gkvitkovice.cz\/index.php?rest_route=\/wp\/v2\/types\/page"}],"author":[{"embeddable":true,"href":"https:\/\/gkvitkovice.cz\/index.php?rest_route=\/wp\/v2\/users\/1"}],"replies":[{"embeddable":true,"href":"https:\/\/gkvitkovice.cz\/index.php?rest_route=%2Fwp%2Fv2%2Fcomments&post=7051"}],"version-history":[{"count":10,"href":"https:\/\/gkvitkovice.cz\/index.php?rest_route=\/wp\/v2\/pages\/7051\/revisions"}],"predecessor-version":[{"id":7479,"href":"https:\/\/gkvitkovice.cz\/index.php?rest_route=\/wp\/v2\/pages\/7051\/revisions\/7479"}],"wp:attachment":[{"href":"https:\/\/gkvitkovice.cz\/index.php?rest_route=%2Fwp%2Fv2%2Fmedia&parent=7051"}],"curies":[{"name":"wp","href":"https:\/\/api.w.org\/{rel}","templated":true}]}}