{"id":7578,"date":"2026-03-20T07:51:26","date_gmt":"2026-03-20T07:51:26","guid":{"rendered":"https:\/\/gkvitkovice.cz\/?page_id=7578"},"modified":"2026-03-20T07:53:05","modified_gmt":"2026-03-20T07:53:05","slug":"teamgym","status":"publish","type":"page","link":"https:\/\/gkvitkovice.cz\/?page_id=7578","title":{"rendered":"Teamgym"},"content":{"rendered":"<p><\/p>\n\n\n<ul><li><strong><a href=\"http:\/\/gkvitkovice.cz\/?page_id=1805\">B\u00c1RTKOV\u00c1 Kate\u0159ina<\/a><\/strong><\/li><li><a href=\"https:\/\/gkvitkovice.cz\/?page_id=6564\"><strong>DOBI\u00c1\u0160OV\u00c1 Terezie<\/strong><\/a><\/li><li><strong><a href=\"http:\/\/gkvitkovice.cz\/?page_id=68\">G\u0158E\u0160OV\u00c1 Lucie<\/a><\/strong><\/li><li><a href=\"https:\/\/gkvitkovice.cz\/?page_id=6566\"><strong>HIL\u0160EROV\u00c1 Sofie<\/strong><\/a><\/li><li><a href=\"https:\/\/gkvitkovice.cz\/?page_id=7049\"><strong>HIL\u0160EROV\u00c1 Vivien<\/strong><\/a><\/li><li><a href=\"https:\/\/gkvitkovice.cz\/?page_id=7051\"><strong>HUTN\u00cdKOV\u00c1 Ela<\/strong><\/a><\/li><li><strong><a href=\"http:\/\/gkvitkovice.cz\/?page_id=42\">HYNEK Klaudie<\/a><\/strong><\/li><li><strong><a href=\"http:\/\/gkvitkovice.cz\/?page_id=1800\">CHUDOV\u00c1 Ad\u00e9la<\/a><\/strong><\/li><li><strong><a href=\"http:\/\/gkvitkovice.cz\/?page_id=2718\">KOL\u00c1\u0158OV\u00c1 Zoe Laura<\/a><\/strong><\/li><li><strong><a href=\"https:\/\/gkvitkovice.cz\/?page_id=7316\">MACE\u010cKOV\u00c1 Anna<\/a><\/strong><\/li><li><strong><a href=\"http:\/\/gkvitkovice.cz\/?page_id=66\">O\u017dANOV\u00c1 Roz\u00e1lie<\/a><\/strong><\/li><li><a href=\"https:\/\/gkvitkovice.cz\/?page_id=7313\"><strong>PA\u010cUTOV\u00c1 Mahulena<\/strong><\/a><\/li><li><strong><a href=\"http:\/\/gkvitkovice.cz\/?page_id=49\">PAPOU\u0160KOV\u00c1 Nat\u00e1lie<\/a><\/strong><\/li><li><a href=\"https:\/\/gkvitkovice.cz\/?page_id=7053\"><strong>\u0160TEFKOV\u00c1 Nela<\/strong><\/a><\/li><li><a href=\"https:\/\/gkvitkovice.cz\/?page_id=6563\"><strong>\u0160USTALOV\u00c1 Am\u00e9lie<\/strong><\/a><\/li><\/ul>\n","protected":false},"excerpt":{"rendered":"<p>B\u00c1RTKOV\u00c1 Kate\u0159ina DOBI\u00c1\u0160OV\u00c1 Terezie G\u0158E\u0160OV\u00c1 Lucie HIL\u0160EROV\u00c1 Sofie HIL\u0160EROV\u00c1 Vivien HUTN\u00cdKOV\u00c1 Ela HYNEK Klaudie CHUDOV\u00c1 Ad\u00e9la KOL\u00c1\u0158OV\u00c1 Zoe Laura MACE\u010cKOV\u00c1<\/p>\n","protected":false},"author":1,"featured_media":0,"parent":0,"menu_order":0,"comment_status":"closed","ping_status":"closed","template":"","meta":[],"_links":{"self":[{"href":"https:\/\/gkvitkovice.cz\/index.php?rest_route=\/wp\/v2\/pages\/7578"}],"collection":[{"href":"https:\/\/gkvitkovice.cz\/index.php?rest_route=\/wp\/v2\/pages"}],"about":[{"href":"https:\/\/gkvitkovice.cz\/index.php?rest_route=\/wp\/v2\/types\/page"}],"author":[{"embeddable":true,"href":"https:\/\/gkvitkovice.cz\/index.php?rest_route=\/wp\/v2\/users\/1"}],"replies":[{"embeddable":true,"href":"https:\/\/gkvitkovice.cz\/index.php?rest_route=%2Fwp%2Fv2%2Fcomments&post=7578"}],"version-history":[{"count":3,"href":"https:\/\/gkvitkovice.cz\/index.php?rest_route=\/wp\/v2\/pages\/7578\/revisions"}],"predecessor-version":[{"id":7584,"href":"https:\/\/gkvitkovice.cz\/index.php?rest_route=\/wp\/v2\/pages\/7578\/revisions\/7584"}],"wp:attachment":[{"href":"https:\/\/gkvitkovice.cz\/index.php?rest_route=%2Fwp%2Fv2%2Fmedia&parent=7578"}],"curies":[{"name":"wp","href":"https:\/\/api.w.org\/{rel}","templated":true}]}}