{"id":7878,"date":"2026-03-27T10:45:03","date_gmt":"2026-03-27T10:45:03","guid":{"rendered":"https:\/\/gkvitkovice.cz\/?page_id=7878"},"modified":"2026-03-27T10:45:03","modified_gmt":"2026-03-27T10:45:03","slug":"piech-krystof","status":"publish","type":"page","link":"https:\/\/gkvitkovice.cz\/?page_id=7878","title":{"rendered":"PIECH Kry\u0161tof"},"content":{"rendered":"<table border=\"0\" frame=\"border\" cellspacing=\"2\" cellpadding=\"2\" align=\"left\">\n<tbody>\n<tr>\n<td><strong>\u010clenem odd\u00edlu od:<\/strong><\/td>\n<td><\/td>\n<\/tr>\n<tr>\n<td><strong>Obl\u00edben\u00e9 n\u00e1\u0159ad\u00ed:<\/strong><\/td>\n<td><\/td>\n<\/tr>\n<\/tbody>\n<\/table>\n<table border=\"1\" frame=\"border\" align=\"left\">\n<tbody>\n<tr>\n<td><strong>V\u00fdsledky z\u00e1vod\u016f <a href=\"https:\/\/www.gymfed.cz\/osoby\/368140\">ZDE<\/a><\/strong><\/td>\n<td><\/td>\n<td><\/td>\n<\/tr>\n<tr>\n<td><strong>Ostatn\u00ed v\u00fdsledky:<\/strong><\/td>\n<td><\/td>\n<td><\/td>\n<\/tr>\n<tr>\n<td><em>rok<\/em><\/td>\n<td><em>N\u00e1zev z\u00e1vodu \/ M\u011bsto (st\u00e1t)<\/em><\/td>\n<td><em>um\u00edst\u011bn\u00ed<\/em><\/td>\n<\/tr>\n<\/tbody>\n<\/table>\n<div class=\"thumbs\"><\/div>\n","protected":false},"excerpt":{"rendered":"<p>\u010clenem odd\u00edlu od: Obl\u00edben\u00e9 n\u00e1\u0159ad\u00ed: V\u00fdsledky z\u00e1vod\u016f ZDE Ostatn\u00ed v\u00fdsledky: rok N\u00e1zev z\u00e1vodu \/ M\u011bsto (st\u00e1t) um\u00edst\u011bn\u00ed<\/p>\n","protected":false},"author":1,"featured_media":0,"parent":0,"menu_order":0,"comment_status":"closed","ping_status":"closed","template":"","meta":[],"_links":{"self":[{"href":"https:\/\/gkvitkovice.cz\/index.php?rest_route=\/wp\/v2\/pages\/7878"}],"collection":[{"href":"https:\/\/gkvitkovice.cz\/index.php?rest_route=\/wp\/v2\/pages"}],"about":[{"href":"https:\/\/gkvitkovice.cz\/index.php?rest_route=\/wp\/v2\/types\/page"}],"author":[{"embeddable":true,"href":"https:\/\/gkvitkovice.cz\/index.php?rest_route=\/wp\/v2\/users\/1"}],"replies":[{"embeddable":true,"href":"https:\/\/gkvitkovice.cz\/index.php?rest_route=%2Fwp%2Fv2%2Fcomments&post=7878"}],"version-history":[{"count":1,"href":"https:\/\/gkvitkovice.cz\/index.php?rest_route=\/wp\/v2\/pages\/7878\/revisions"}],"predecessor-version":[{"id":7879,"href":"https:\/\/gkvitkovice.cz\/index.php?rest_route=\/wp\/v2\/pages\/7878\/revisions\/7879"}],"wp:attachment":[{"href":"https:\/\/gkvitkovice.cz\/index.php?rest_route=%2Fwp%2Fv2%2Fmedia&parent=7878"}],"curies":[{"name":"wp","href":"https:\/\/api.w.org\/{rel}","templated":true}]}}